{"id":348,"date":"2023-03-06T09:01:31","date_gmt":"2023-03-06T09:01:31","guid":{"rendered":"https:\/\/hcmsconsultancy.com\/equipa\/"},"modified":"2026-03-01T11:33:25","modified_gmt":"2026-03-01T11:33:25","slug":"equipa","status":"publish","type":"page","link":"https:\/\/hcmsconsultancy.com\/pt-pt\/equipa\/","title":{"rendered":"EQUIPA"},"content":{"rendered":"<section class=\"l-section wpb_row height_medium\"><div class=\"l-section-h i-cf\"><div class=\"g-cols vc_row via_grid cols_1-2-1 laptops-cols_inherit tablets-cols_inherit mobiles-cols_1 valign_top type_default stacking_default\"><div class=\"wpb_column vc_column_container\"><div class=\"vc_column-inner\"><\/div><\/div><div class=\"wpb_column vc_column_container\"><div class=\"vc_column-inner\"><div class=\"wpb_text_column\"><div class=\"wpb_wrapper\"><h2 style=\"text-align: center;\">A nossa equipa<\/h2>\n<\/div><\/div><div class=\"w-separator size_custom with_line width_50 thick_1 style_solid color_secondary align_center\" style=\"height:40px\"><div class=\"w-separator-h\"><\/div><\/div><div class=\"wpb_text_column us_custom_972c33a7\"><div class=\"wpb_wrapper\"><p style=\"text-align: center;\">A equipa da HCMS \u00e9 constitu\u00edda por gestores hoteleiros experientes, todos com a sua pr\u00f3pria especializa\u00e7\u00e3o, cobrindo todas as \u00e1reas de desenvolvimento e opera\u00e7\u00e3o do hotel.<\/p>\n<\/div><\/div><\/div><\/div><div class=\"wpb_column vc_column_container\"><div class=\"vc_column-inner\"><\/div><\/div><\/div><\/div><\/section><section class=\"l-section wpb_row height_small width_custom\" style=\"--site-content-width:1368px;\"><div class=\"l-section-h i-cf\"><div class=\"g-cols vc_row via_grid cols_2 laptops-cols_inherit tablets-cols_inherit mobiles-cols_1 valign_top type_default stacking_default\"><div class=\"wpb_column vc_column_container\"><div class=\"vc_column-inner\"><div class=\"wpb_text_column us_custom_37d0561f\"><div class=\"wpb_wrapper\"><h3>Managing Director<\/h3>\n<\/div><\/div><div class=\"wpb_text_column us_custom_37d0561f\"><div class=\"wpb_wrapper\"><h5>Rob<\/h5>\n<p>Mais de 30 anos de experi\u00eancia como Director Geral, incluindo seis aberturas de hot\u00e9is (Holanda, Fran\u00e7a, Irlanda e Portugal) para propriet\u00e1rios privados e cadeias hoteleiras internacionais.<\/p>\n<p>Utiliza a riqueza da experi\u00eancia, iniciativa e inova\u00e7\u00e3o com uma vis\u00e3o estrat\u00e9gica para melhorar as opera\u00e7\u00f5es, a reten\u00e7\u00e3o de h\u00f3spedes, a quota de mercado e o lucro. Oferece elevados padr\u00f5es de qualidade, com \u00eanfase nas vendas e no marketing, na gest\u00e3o financeira e no desenvolvimento de recursos humanos. Gere e forma equipas de gest\u00e3o e define objectivos e estrat\u00e9gias para que os departamentos atinjam um desempenho m\u00e1ximo. Al\u00e9m disso, tem uma vasta experi\u00eancia em F&amp;B e desenvolvimento de conceitos.<\/p>\n<p>Licenciatura em Hotelaria e Administra\u00e7\u00e3o de Empresas.<\/p>\n<\/div><\/div><div class=\"w-separator size_small\"><\/div><\/div><\/div><div class=\"wpb_column vc_column_container\"><div class=\"vc_column-inner\"><div class=\"wpb_text_column us_custom_37d0561f\"><div class=\"wpb_wrapper\"><h3>Directora de Opera\u00e7\u00f5es<\/h3>\n<\/div><\/div><div class=\"wpb_text_column us_custom_37d0561f\"><div class=\"wpb_wrapper\"><h5>Suzana<\/h5>\n<p>Gestor hoteleiro com mais de 20 anos de experi\u00eancia na defini\u00e7\u00e3o de estrat\u00e9gias para maximizar o desempenho operacional, financeiro e a satisfa\u00e7\u00e3o do cliente. Com foco na excel\u00eancia de servi\u00e7o, lidera e capacita equipas multidisciplinares \u2014 incluindo Reservas, Revenue Management, Front Office, Guest Relations, Housekeeping, SPA e Manuten\u00e7\u00e3o.<\/p>\n<p>Licenciatura em Turismo e P\u00f3s-Gradua\u00e7\u00e3o em Dire\u00e7\u00e3o Hoteleira.<\/p>\n<\/div><\/div><div class=\"w-separator size_small\"><\/div><\/div><\/div><\/div><\/div><\/section><section class=\"l-section wpb_row height_small width_custom\" style=\"--site-content-width:1368px;\"><div class=\"l-section-h i-cf\"><div class=\"g-cols vc_row via_grid cols_2 laptops-cols_inherit tablets-cols_inherit mobiles-cols_1 valign_top type_default stacking_default\"><div class=\"wpb_column vc_column_container\"><div class=\"vc_column-inner\"><div class=\"wpb_text_column us_custom_37d0561f\"><div class=\"wpb_wrapper\"><h3>Digital Marketeer<\/h3>\n<\/div><\/div><div class=\"wpb_text_column us_custom_37d0561f\"><div class=\"wpb_wrapper\"><h5>Madalena<\/h5>\n<p>Apaixonada por marketing e pela nova era do mundo digital. Respons\u00e1vel por toda a parte digital do neg\u00f3cio. Web design, Google analytics, gest\u00e3o de redes sociais, campanhas e todos os processos de marketing digital.<\/p>\n<p>Licenciatura em Administra\u00e7\u00e3o de Empresas e Master em Marketing.<\/p>\n<\/div><\/div><div class=\"w-separator size_small\"><\/div><\/div><\/div><div class=\"wpb_column vc_column_container\"><div class=\"vc_column-inner\"><div class=\"wpb_text_column us_custom_37d0561f\"><div class=\"wpb_wrapper\"><h3>Controlo de Custos \/ Analista Hoteleiro \/ KPI\u2019s<\/h3>\n<\/div><\/div><div class=\"wpb_text_column us_custom_37d0561f\"><div class=\"wpb_wrapper\"><h5>Ricardo<\/h5>\n<p>Mais de 10 anos de experi\u00eancia no sector hoteleiro.<\/p>\n<p>O controlo de custos\/analista hoteleiro \u00e9 a pr\u00e1tica corrente de tomar medidas para reduzir as despesas da empresa para aumentar os lucros (N\u00e3o limitado a F&amp;B). O Ricardo recolhe, interpreta e utiliza dados complexos para desenvolver medidas pr\u00e1ticas que melhorem os processos e optimizem os resultados. No dia-a-dia, o seu trabalho consiste em avaliar as necessidades da empresa e dos clientes, rever informa\u00e7\u00e3o robusta e analis\u00e1-la, procurando tend\u00eancias ou \u00e1reas de melhoria.<\/p>\n<p>Licenciatura em Economia e Mestrado em Finan\u00e7as Empresariais na Faculdade de Economia da Universidade do Algarve.<\/p>\n<\/div><\/div><\/div><\/div><\/div><\/div><\/section><section class=\"l-section wpb_row height_small width_custom\" style=\"--site-content-width:1368px;\"><div class=\"l-section-h i-cf\"><div class=\"g-cols vc_row via_grid cols_2 laptops-cols_inherit tablets-cols_inherit mobiles-cols_1 valign_top type_default stacking_default\"><div class=\"wpb_column vc_column_container\"><div class=\"vc_column-inner\"><div class=\"wpb_text_column us_custom_37d0561f\"><div class=\"wpb_wrapper\"><h3>Ag\u00eancia de vendas directas<\/h3>\n<\/div><\/div><div class=\"wpb_text_column us_custom_37d0561f\"><div class=\"wpb_wrapper\"><h5>Cookies Agency<\/h5>\n<p>A Cookies \u00e9 uma ag\u00eancia de marketing digital que oferece solu\u00e7\u00f5es criativas e integradas para hot\u00e9is que procuram crescer e aumentar as suas vendas directas. Fundada em 2016, a Cookies&#8217; foca-se na cria\u00e7\u00e3o e gest\u00e3o de websites, publicidade online com anal\u00edtica avan\u00e7ada e optimiza\u00e7\u00e3o para motores de busca.<\/p>\n<\/div><\/div><div class=\"w-separator size_small\"><\/div><\/div><\/div><div class=\"wpb_column vc_column_container\"><div class=\"vc_column-inner\"><div class=\"wpb_text_column us_custom_37d0561f\"><div class=\"wpb_wrapper\"><h3>Gest\u00e3o hoteleira<\/h3>\n<\/div><\/div><div class=\"wpb_text_column us_custom_37d0561f\"><div class=\"wpb_wrapper\"><h5>Bruno<\/h5>\n<p>Apaixonado pela ind\u00fastria hoteleira com especializa\u00e7\u00f5es em finan\u00e7as e gest\u00e3o, prestando servi\u00e7os de gest\u00e3o hoteleira, imobili\u00e1ria e consultoria financeira. Fundador da empresa de gest\u00e3o hoteleira BY.CH, sediada na Su\u00ed\u00e7a.<\/p>\n<p>Mestre em Administra\u00e7\u00e3o Geral e Gest\u00e3o de Empresas pela Universidade de Lisboa. Mestrado em Administra\u00e7\u00e3o de Empresas em Hotelaria, Les Roches Su\u00ed\u00e7a.<\/p>\n<\/div><\/div><\/div><\/div><\/div><\/div><\/section><section class=\"l-section wpb_row height_small width_custom\" style=\"--site-content-width:1368px;\"><div class=\"l-section-h i-cf\"><div class=\"g-cols vc_row via_grid cols_2 laptops-cols_inherit tablets-cols_inherit mobiles-cols_1 valign_top type_default stacking_default\"><div class=\"wpb_column vc_column_container\"><div class=\"vc_column-inner\"><div class=\"wpb_text_column us_custom_37d0561f\"><div class=\"wpb_wrapper\"><h3>Interior design<\/h3>\n<\/div><\/div><div class=\"wpb_text_column us_custom_37d0561f\"><div class=\"wpb_wrapper\"><h5>Suzana<\/h5>\n<p>From the hospitality industry to interior design, with a keen eye for functionality and aesthetics. Specialist in creating environments \u2014 commercial or private \u2014 that balance the technical rigour of materials with the user experience. The main focus is to achieve spaces that not only enchant, but also respond perfectly to their purpose.<\/p>\n<p>Certified by the Lisbon School of Design.<\/p>\n<\/div><\/div><div class=\"w-separator size_small\"><\/div><\/div><\/div><div class=\"wpb_column vc_column_container\"><div class=\"vc_column-inner\"><\/div><\/div><\/div><\/div><\/section><section class=\"l-section wpb_row height_small width_custom\" style=\"--site-content-width:1368px;\"><div class=\"l-section-h i-cf\"><div class=\"g-cols vc_row via_grid cols_1 laptops-cols_inherit tablets-cols_inherit mobiles-cols_1 valign_top type_default stacking_default\"><div class=\"wpb_column vc_column_container\"><div class=\"vc_column-inner\"><div class=\"w-separator size_medium\"><\/div><\/div><\/div><\/div><\/div><\/section>\n","protected":false},"excerpt":{"rendered":"A nossa equipa A equipa da HCMS \u00e9 constitu\u00edda por gestores hoteleiros experientes, todos com a sua pr\u00f3pria especializa\u00e7\u00e3o, cobrindo todas as \u00e1reas de desenvolvimento e opera\u00e7\u00e3o do hotel. Managing Director Rob Mais de 30 anos de experi\u00eancia como Director Geral, incluindo seis aberturas de hot\u00e9is (Holanda, Fran\u00e7a, Irlanda e Portugal) para propriet\u00e1rios privados e...","protected":false},"author":2,"featured_media":0,"parent":0,"menu_order":0,"comment_status":"closed","ping_status":"closed","template":"","meta":[],"yoast_head":"<!-- This site is optimized with the Yoast SEO plugin v21.8 - https:\/\/yoast.com\/wordpress\/plugins\/seo\/ -->\n<title>Team | Hospitality Concepts and Management Solutions<\/title>\n<meta name=\"description\" content=\"A equipa da HCMS \u00e9 composta por gestores hoteleiros experientes, todos com a sua pr\u00f3pria especializa\u00e7\u00e3o, abrangendo todas as \u00e1reas do desenvolvimento e opera\u00e7\u00e3o do hotel.\" \/>\n<meta name=\"robots\" content=\"index, follow, max-snippet:-1, max-image-preview:large, max-video-preview:-1\" \/>\n<link rel=\"canonical\" href=\"https:\/\/hcmsconsultancy.com\/pt-pt\/equipa\/\" \/>\n<meta property=\"og:locale\" content=\"pt_PT\" \/>\n<meta property=\"og:type\" content=\"article\" \/>\n<meta property=\"og:title\" content=\"Team | Hospitality Concepts and Management Solutions\" \/>\n<meta property=\"og:description\" content=\"A equipa da HCMS \u00e9 composta por gestores hoteleiros experientes, todos com a sua pr\u00f3pria especializa\u00e7\u00e3o, abrangendo todas as \u00e1reas do desenvolvimento e opera\u00e7\u00e3o do hotel.\" \/>\n<meta property=\"og:url\" content=\"https:\/\/hcmsconsultancy.com\/pt-pt\/equipa\/\" \/>\n<meta property=\"og:site_name\" content=\"Hospitality Concepts and Management Solutions\" \/>\n<meta property=\"article:publisher\" content=\"https:\/\/www.facebook.com\/hcmsconsultancy\/\" \/>\n<meta property=\"article:modified_time\" content=\"2026-03-01T11:33:25+00:00\" \/>\n<meta name=\"twitter:card\" content=\"summary_large_image\" \/>\n<meta name=\"twitter:label1\" content=\"Tempo estimado de leitura\" \/>\n\t<meta name=\"twitter:data1\" content=\"5 minutos\" \/>\n<script type=\"application\/ld+json\" class=\"yoast-schema-graph\">{\"@context\":\"https:\/\/schema.org\",\"@graph\":[{\"@type\":\"WebPage\",\"@id\":\"https:\/\/hcmsconsultancy.com\/pt-pt\/equipa\/\",\"url\":\"https:\/\/hcmsconsultancy.com\/pt-pt\/equipa\/\",\"name\":\"Team | Hospitality Concepts and Management Solutions\",\"isPartOf\":{\"@id\":\"https:\/\/hcmsconsultancy.com\/pt-pt\/#website\"},\"datePublished\":\"2023-03-06T09:01:31+00:00\",\"dateModified\":\"2026-03-01T11:33:25+00:00\",\"description\":\"A equipa da HCMS \u00e9 composta por gestores hoteleiros experientes, todos com a sua pr\u00f3pria especializa\u00e7\u00e3o, abrangendo todas as \u00e1reas do desenvolvimento e opera\u00e7\u00e3o do hotel.\",\"breadcrumb\":{\"@id\":\"https:\/\/hcmsconsultancy.com\/pt-pt\/equipa\/#breadcrumb\"},\"inLanguage\":\"pt-PT\",\"potentialAction\":[{\"@type\":\"ReadAction\",\"target\":[\"https:\/\/hcmsconsultancy.com\/pt-pt\/equipa\/\"]}]},{\"@type\":\"BreadcrumbList\",\"@id\":\"https:\/\/hcmsconsultancy.com\/pt-pt\/equipa\/#breadcrumb\",\"itemListElement\":[{\"@type\":\"ListItem\",\"position\":1,\"name\":\"Home\",\"item\":\"https:\/\/hcmsconsultancy.com\/pt-pt\/consultoria-hoteleira-e-gestao-de-hoteis-em-portugal-e-na-europa\/\"},{\"@type\":\"ListItem\",\"position\":2,\"name\":\"EQUIPA\"}]},{\"@type\":\"WebSite\",\"@id\":\"https:\/\/hcmsconsultancy.com\/pt-pt\/#website\",\"url\":\"https:\/\/hcmsconsultancy.com\/pt-pt\/\",\"name\":\"Hospitality Concepts and Management Solutions\",\"description\":\"HCMS is a hospitality management company, offering comprehensive hotel management services ranging from property development, interim management, coaching for hotel management to revenue optimisation.\",\"publisher\":{\"@id\":\"https:\/\/hcmsconsultancy.com\/pt-pt\/#organization\"},\"potentialAction\":[{\"@type\":\"SearchAction\",\"target\":{\"@type\":\"EntryPoint\",\"urlTemplate\":\"https:\/\/hcmsconsultancy.com\/pt-pt\/?s={search_term_string}\"},\"query-input\":\"required name=search_term_string\"}],\"inLanguage\":\"pt-PT\"},{\"@type\":\"Organization\",\"@id\":\"https:\/\/hcmsconsultancy.com\/pt-pt\/#organization\",\"name\":\"HCMS Hospitality Concepts and Management Solutions\",\"url\":\"https:\/\/hcmsconsultancy.com\/pt-pt\/\",\"logo\":{\"@type\":\"ImageObject\",\"inLanguage\":\"pt-PT\",\"@id\":\"https:\/\/hcmsconsultancy.com\/pt-pt\/#\/schema\/logo\/image\/\",\"url\":\"https:\/\/hcmsconsultancy.com\/wp-content\/uploads\/2023\/02\/HCMS-LOGO.png\",\"contentUrl\":\"https:\/\/hcmsconsultancy.com\/wp-content\/uploads\/2023\/02\/HCMS-LOGO.png\",\"width\":500,\"height\":200,\"caption\":\"HCMS Hospitality Concepts and Management Solutions\"},\"image\":{\"@id\":\"https:\/\/hcmsconsultancy.com\/pt-pt\/#\/schema\/logo\/image\/\"},\"sameAs\":[\"https:\/\/www.facebook.com\/hcmsconsultancy\/\",\"https:\/\/www.linkedin.com\/company\/hospitality-concepts-management-solutions\/\"]}]}<\/script>\n<!-- \/ Yoast SEO plugin. -->","yoast_head_json":{"title":"Team | Hospitality Concepts and Management Solutions","description":"A equipa da HCMS \u00e9 composta por gestores hoteleiros experientes, todos com a sua pr\u00f3pria especializa\u00e7\u00e3o, abrangendo todas as \u00e1reas do desenvolvimento e opera\u00e7\u00e3o do hotel.","robots":{"index":"index","follow":"follow","max-snippet":"max-snippet:-1","max-image-preview":"max-image-preview:large","max-video-preview":"max-video-preview:-1"},"canonical":"https:\/\/hcmsconsultancy.com\/pt-pt\/equipa\/","og_locale":"pt_PT","og_type":"article","og_title":"Team | Hospitality Concepts and Management Solutions","og_description":"A equipa da HCMS \u00e9 composta por gestores hoteleiros experientes, todos com a sua pr\u00f3pria especializa\u00e7\u00e3o, abrangendo todas as \u00e1reas do desenvolvimento e opera\u00e7\u00e3o do hotel.","og_url":"https:\/\/hcmsconsultancy.com\/pt-pt\/equipa\/","og_site_name":"Hospitality Concepts and Management Solutions","article_publisher":"https:\/\/www.facebook.com\/hcmsconsultancy\/","article_modified_time":"2026-03-01T11:33:25+00:00","twitter_card":"summary_large_image","twitter_misc":{"Tempo estimado de leitura":"5 minutos"},"schema":{"@context":"https:\/\/schema.org","@graph":[{"@type":"WebPage","@id":"https:\/\/hcmsconsultancy.com\/pt-pt\/equipa\/","url":"https:\/\/hcmsconsultancy.com\/pt-pt\/equipa\/","name":"Team | Hospitality Concepts and Management Solutions","isPartOf":{"@id":"https:\/\/hcmsconsultancy.com\/pt-pt\/#website"},"datePublished":"2023-03-06T09:01:31+00:00","dateModified":"2026-03-01T11:33:25+00:00","description":"A equipa da HCMS \u00e9 composta por gestores hoteleiros experientes, todos com a sua pr\u00f3pria especializa\u00e7\u00e3o, abrangendo todas as \u00e1reas do desenvolvimento e opera\u00e7\u00e3o do hotel.","breadcrumb":{"@id":"https:\/\/hcmsconsultancy.com\/pt-pt\/equipa\/#breadcrumb"},"inLanguage":"pt-PT","potentialAction":[{"@type":"ReadAction","target":["https:\/\/hcmsconsultancy.com\/pt-pt\/equipa\/"]}]},{"@type":"BreadcrumbList","@id":"https:\/\/hcmsconsultancy.com\/pt-pt\/equipa\/#breadcrumb","itemListElement":[{"@type":"ListItem","position":1,"name":"Home","item":"https:\/\/hcmsconsultancy.com\/pt-pt\/consultoria-hoteleira-e-gestao-de-hoteis-em-portugal-e-na-europa\/"},{"@type":"ListItem","position":2,"name":"EQUIPA"}]},{"@type":"WebSite","@id":"https:\/\/hcmsconsultancy.com\/pt-pt\/#website","url":"https:\/\/hcmsconsultancy.com\/pt-pt\/","name":"Hospitality Concepts and Management Solutions","description":"HCMS is a hospitality management company, offering comprehensive hotel management services ranging from property development, interim management, coaching for hotel management to revenue optimisation.","publisher":{"@id":"https:\/\/hcmsconsultancy.com\/pt-pt\/#organization"},"potentialAction":[{"@type":"SearchAction","target":{"@type":"EntryPoint","urlTemplate":"https:\/\/hcmsconsultancy.com\/pt-pt\/?s={search_term_string}"},"query-input":"required name=search_term_string"}],"inLanguage":"pt-PT"},{"@type":"Organization","@id":"https:\/\/hcmsconsultancy.com\/pt-pt\/#organization","name":"HCMS Hospitality Concepts and Management Solutions","url":"https:\/\/hcmsconsultancy.com\/pt-pt\/","logo":{"@type":"ImageObject","inLanguage":"pt-PT","@id":"https:\/\/hcmsconsultancy.com\/pt-pt\/#\/schema\/logo\/image\/","url":"https:\/\/hcmsconsultancy.com\/wp-content\/uploads\/2023\/02\/HCMS-LOGO.png","contentUrl":"https:\/\/hcmsconsultancy.com\/wp-content\/uploads\/2023\/02\/HCMS-LOGO.png","width":500,"height":200,"caption":"HCMS Hospitality Concepts and Management Solutions"},"image":{"@id":"https:\/\/hcmsconsultancy.com\/pt-pt\/#\/schema\/logo\/image\/"},"sameAs":["https:\/\/www.facebook.com\/hcmsconsultancy\/","https:\/\/www.linkedin.com\/company\/hospitality-concepts-management-solutions\/"]}]}},"_links":{"self":[{"href":"https:\/\/hcmsconsultancy.com\/pt-pt\/wp-json\/wp\/v2\/pages\/348"}],"collection":[{"href":"https:\/\/hcmsconsultancy.com\/pt-pt\/wp-json\/wp\/v2\/pages"}],"about":[{"href":"https:\/\/hcmsconsultancy.com\/pt-pt\/wp-json\/wp\/v2\/types\/page"}],"author":[{"embeddable":true,"href":"https:\/\/hcmsconsultancy.com\/pt-pt\/wp-json\/wp\/v2\/users\/2"}],"replies":[{"embeddable":true,"href":"https:\/\/hcmsconsultancy.com\/pt-pt\/wp-json\/wp\/v2\/comments?post=348"}],"version-history":[{"count":8,"href":"https:\/\/hcmsconsultancy.com\/pt-pt\/wp-json\/wp\/v2\/pages\/348\/revisions"}],"predecessor-version":[{"id":543,"href":"https:\/\/hcmsconsultancy.com\/pt-pt\/wp-json\/wp\/v2\/pages\/348\/revisions\/543"}],"wp:attachment":[{"href":"https:\/\/hcmsconsultancy.com\/pt-pt\/wp-json\/wp\/v2\/media?parent=348"}],"curies":[{"name":"wp","href":"https:\/\/api.w.org\/{rel}","templated":true}]}}